
{"id":2355,"date":"2025-03-01T16:59:41","date_gmt":"2025-03-01T16:59:41","guid":{"rendered":"https:\/\/nbvs.eu\/?page_id=2355"},"modified":"2025-11-30T15:43:34","modified_gmt":"2025-11-30T15:43:34","slug":"servis","status":"publish","type":"page","link":"https:\/\/nbvs.eu\/hr\/servis\/","title":{"rendered":"Servis"},"content":{"rendered":"<div data-elementor-type=\"wp-page\" data-elementor-id=\"2355\" class=\"elementor elementor-2355\" data-elementor-post-type=\"page\">\n\t\t\t\t<div class=\"elementor-element elementor-element-842f40f e-con-full e-flex e-con e-parent\" data-id=\"842f40f\" data-element_type=\"container\" data-e-type=\"container\" data-settings=\"{&quot;background_background&quot;:&quot;classic&quot;}\">\n\t\t\t\t<div class=\"elementor-element elementor-element-2eb14f9 elementor-widget elementor-widget-heading\" data-id=\"2eb14f9\" data-element_type=\"widget\" data-e-type=\"widget\" data-widget_type=\"heading.default\">\n\t\t\t\t<div class=\"elementor-widget-container\">\n\t\t\t\t\t<h2 class=\"elementor-heading-title elementor-size-default\">Servis<\/h2>\t\t\t\t<\/div>\n\t\t\t\t<\/div>\n\t\t\t\t<\/div>\n\t\t<div class=\"elementor-element elementor-element-aa31105 e-flex e-con-boxed e-con e-parent\" data-id=\"aa31105\" data-element_type=\"container\" data-e-type=\"container\" data-settings=\"{&quot;background_background&quot;:&quot;classic&quot;}\">\n\t\t\t\t\t<div class=\"e-con-inner\">\n\t\t<div class=\"elementor-element elementor-element-25b854c e-con-full e-transform e-flex e-con e-child\" data-id=\"25b854c\" data-element_type=\"container\" data-e-type=\"container\" data-settings=\"{&quot;_transform_scale_effect_hover&quot;:{&quot;unit&quot;:&quot;px&quot;,&quot;size&quot;:1.03,&quot;sizes&quot;:[]},&quot;_transform_scale_effect_hover_tablet&quot;:{&quot;unit&quot;:&quot;px&quot;,&quot;size&quot;:&quot;&quot;,&quot;sizes&quot;:[]},&quot;_transform_scale_effect_hover_mobile&quot;:{&quot;unit&quot;:&quot;px&quot;,&quot;size&quot;:&quot;&quot;,&quot;sizes&quot;:[]}}\">\n\t\t\t\t<div class=\"elementor-element elementor-element-e52808d elementor-widget__width-initial elementor-position-top elementor-widget elementor-widget-image-box\" data-id=\"e52808d\" data-element_type=\"widget\" data-e-type=\"widget\" data-widget_type=\"image-box.default\">\n\t\t\t\t<div class=\"elementor-widget-container\">\n\t\t\t\t\t<div class=\"elementor-image-box-wrapper\"><figure class=\"elementor-image-box-img\"><a href=\"https:\/\/nbvs.eu\/hr\/home-clone\/\" tabindex=\"-1\"><img fetchpriority=\"high\" decoding=\"async\" width=\"1024\" height=\"652\" src=\"https:\/\/nbvs.eu\/wp-content\/uploads\/2025\/02\/Servo-valves-Main-Page-e1738321875515-1024x652-1.png\" class=\"attachment-full size-full wp-image-1619\" alt=\"Serwis zawor\u00f3w MOOG dla system\u00f3w hydraulicznych\" srcset=\"https:\/\/nbvs.eu\/wp-content\/uploads\/2025\/02\/Servo-valves-Main-Page-e1738321875515-1024x652-1.png 1024w, https:\/\/nbvs.eu\/wp-content\/uploads\/2025\/02\/Servo-valves-Main-Page-e1738321875515-1024x652-1-300x191.png 300w, https:\/\/nbvs.eu\/wp-content\/uploads\/2025\/02\/Servo-valves-Main-Page-e1738321875515-1024x652-1-768x489.png 768w, https:\/\/nbvs.eu\/wp-content\/uploads\/2025\/02\/Servo-valves-Main-Page-e1738321875515-1024x652-1-600x382.png 600w\" sizes=\"(max-width: 1024px) 100vw, 1024px\" \/><\/a><\/figure><div class=\"elementor-image-box-content\"><h3 class=\"elementor-image-box-title\"><a href=\"https:\/\/nbvs.eu\/hr\/home-clone\/\">Servo ventili<\/a><\/h3><p class=\"elementor-image-box-description\">Najsuvremenije ispitne stanice i certificirani tehni\u010dari osiguravaju vrhunske performanse, to\u010dnost i pouzdanost u obnovi va\u0161ih servo ventila.\n\n<\/p><\/div><\/div>\t\t\t\t<\/div>\n\t\t\t\t<\/div>\n\t\t\t\t<div class=\"elementor-element elementor-element-6d74db5 elementor-align-justify elementor-widget elementor-widget-button\" data-id=\"6d74db5\" data-element_type=\"widget\" data-e-type=\"widget\" data-widget_type=\"button.default\">\n\t\t\t\t<div class=\"elementor-widget-container\">\n\t\t\t\t\t\t\t\t\t<div class=\"elementor-button-wrapper\">\n\t\t\t\t\t<a class=\"elementor-button elementor-button-link elementor-size-sm\" href=\"https:\/\/nbvs.eu\/hr\/home-clone\/\">\n\t\t\t\t\t\t<span class=\"elementor-button-content-wrapper\">\n\t\t\t\t\t\t\t\t\t<span class=\"elementor-button-text\">Pogledajte detaljnije<\/span>\n\t\t\t\t\t<\/span>\n\t\t\t\t\t<\/a>\n\t\t\t\t<\/div>\n\t\t\t\t\t\t\t\t<\/div>\n\t\t\t\t<\/div>\n\t\t\t\t<\/div>\n\t\t<div class=\"elementor-element elementor-element-cf37ce8 e-con-full e-transform e-flex e-con e-child\" data-id=\"cf37ce8\" data-element_type=\"container\" data-e-type=\"container\" data-settings=\"{&quot;_transform_scale_effect_hover&quot;:{&quot;unit&quot;:&quot;px&quot;,&quot;size&quot;:1.03,&quot;sizes&quot;:[]},&quot;_transform_scale_effect_hover_tablet&quot;:{&quot;unit&quot;:&quot;px&quot;,&quot;size&quot;:&quot;&quot;,&quot;sizes&quot;:[]},&quot;_transform_scale_effect_hover_mobile&quot;:{&quot;unit&quot;:&quot;px&quot;,&quot;size&quot;:&quot;&quot;,&quot;sizes&quot;:[]}}\">\n\t\t\t\t<div class=\"elementor-element elementor-element-c1a272c elementor-position-top elementor-widget elementor-widget-image-box\" data-id=\"c1a272c\" data-element_type=\"widget\" data-e-type=\"widget\" data-widget_type=\"image-box.default\">\n\t\t\t\t<div class=\"elementor-widget-container\">\n\t\t\t\t\t<div class=\"elementor-image-box-wrapper\"><figure class=\"elementor-image-box-img\"><a href=\"https:\/\/nbvs.eu\/hr\/proporcionalni-ventili\/\" tabindex=\"-1\"><img decoding=\"async\" width=\"1024\" height=\"682\" src=\"https:\/\/nbvs.eu\/wp-content\/uploads\/2025\/02\/proportional-1024x682-1.jpeg\" class=\"attachment-full size-full wp-image-1621\" alt=\"REXROTH szervoszelep jav\u00edt\u00e1s darukhoz \u00e9s hidraulikus rendszerekhez.\" srcset=\"https:\/\/nbvs.eu\/wp-content\/uploads\/2025\/02\/proportional-1024x682-1.jpeg 1024w, https:\/\/nbvs.eu\/wp-content\/uploads\/2025\/02\/proportional-1024x682-1-300x200.jpeg 300w, https:\/\/nbvs.eu\/wp-content\/uploads\/2025\/02\/proportional-1024x682-1-768x512.jpeg 768w, https:\/\/nbvs.eu\/wp-content\/uploads\/2025\/02\/proportional-1024x682-1-600x400.jpeg 600w\" sizes=\"(max-width: 1024px) 100vw, 1024px\" \/><\/a><\/figure><div class=\"elementor-image-box-content\"><h3 class=\"elementor-image-box-title\"><a href=\"https:\/\/nbvs.eu\/hr\/proporcionalni-ventili\/\">Proporcionalni ventili<\/a><\/h3><p class=\"elementor-image-box-description\">Kompletna obnova ventila, vra\u0107anje na tvorni\u010dke specifikacije. Ventili se testiraju u simuliranim stvarnim uvjetima kako bi se osigurala optimalna izvedba.\n<\/p><\/div><\/div>\t\t\t\t<\/div>\n\t\t\t\t<\/div>\n\t\t\t\t<div class=\"elementor-element elementor-element-55fe96b elementor-align-justify elementor-widget elementor-widget-button\" data-id=\"55fe96b\" data-element_type=\"widget\" data-e-type=\"widget\" data-widget_type=\"button.default\">\n\t\t\t\t<div class=\"elementor-widget-container\">\n\t\t\t\t\t\t\t\t\t<div class=\"elementor-button-wrapper\">\n\t\t\t\t\t<a class=\"elementor-button elementor-button-link elementor-size-sm\" href=\"https:\/\/nbvs.eu\/hr\/proporcionalni-ventili\/\">\n\t\t\t\t\t\t<span class=\"elementor-button-content-wrapper\">\n\t\t\t\t\t\t\t\t\t<span class=\"elementor-button-text\">Pogledajte detaljnije<\/span>\n\t\t\t\t\t<\/span>\n\t\t\t\t\t<\/a>\n\t\t\t\t<\/div>\n\t\t\t\t\t\t\t\t<\/div>\n\t\t\t\t<\/div>\n\t\t\t\t<\/div>\n\t\t<div class=\"elementor-element elementor-element-5f5bf59 e-con-full e-transform elementor-hidden-tablet e-flex e-con e-child\" data-id=\"5f5bf59\" data-element_type=\"container\" data-e-type=\"container\" data-settings=\"{&quot;_transform_scale_effect_hover&quot;:{&quot;unit&quot;:&quot;px&quot;,&quot;size&quot;:1.03,&quot;sizes&quot;:[]},&quot;_transform_scale_effect_hover_tablet&quot;:{&quot;unit&quot;:&quot;px&quot;,&quot;size&quot;:&quot;&quot;,&quot;sizes&quot;:[]},&quot;_transform_scale_effect_hover_mobile&quot;:{&quot;unit&quot;:&quot;px&quot;,&quot;size&quot;:&quot;&quot;,&quot;sizes&quot;:[]}}\">\n\t\t\t\t<div class=\"elementor-element elementor-element-fa1db7e elementor-position-top elementor-widget elementor-widget-image-box\" data-id=\"fa1db7e\" data-element_type=\"widget\" data-e-type=\"widget\" data-widget_type=\"image-box.default\">\n\t\t\t\t<div class=\"elementor-widget-container\">\n\t\t\t\t\t<div class=\"elementor-image-box-wrapper\"><figure class=\"elementor-image-box-img\"><a href=\"https:\/\/nbvs.eu\/hr\/novo-in-predelano\/\" tabindex=\"-1\"><img decoding=\"async\" width=\"1024\" height=\"682\" src=\"https:\/\/nbvs.eu\/wp-content\/uploads\/2025\/02\/new-reman-1-1024x682-1.jpg\" class=\"attachment-full size-full wp-image-1620\" alt=\"Servis BOSCH proporcionalnih ventila za sve strojeve\" srcset=\"https:\/\/nbvs.eu\/wp-content\/uploads\/2025\/02\/new-reman-1-1024x682-1.jpg 1024w, https:\/\/nbvs.eu\/wp-content\/uploads\/2025\/02\/new-reman-1-1024x682-1-300x200.jpg 300w, https:\/\/nbvs.eu\/wp-content\/uploads\/2025\/02\/new-reman-1-1024x682-1-768x512.jpg 768w, https:\/\/nbvs.eu\/wp-content\/uploads\/2025\/02\/new-reman-1-1024x682-1-600x400.jpg 600w\" sizes=\"(max-width: 1024px) 100vw, 1024px\" \/><\/a><\/figure><div class=\"elementor-image-box-content\"><h3 class=\"elementor-image-box-title\"><a href=\"https:\/\/nbvs.eu\/hr\/novo-in-predelano\/\">Renovirani i novi ventili<\/a><\/h3><p class=\"elementor-image-box-description\">Dostupno za kupnju novih ventila svih vode\u0107ih proizvo\u0111a\u010da i preko 10 000 ventila na zalihama spremnih za trenutnu isporuku\n<\/p><\/div><\/div>\t\t\t\t<\/div>\n\t\t\t\t<\/div>\n\t\t\t\t<div class=\"elementor-element elementor-element-dc57d6f elementor-align-justify elementor-widget elementor-widget-button\" data-id=\"dc57d6f\" data-element_type=\"widget\" data-e-type=\"widget\" data-widget_type=\"button.default\">\n\t\t\t\t<div class=\"elementor-widget-container\">\n\t\t\t\t\t\t\t\t\t<div class=\"elementor-button-wrapper\">\n\t\t\t\t\t<a class=\"elementor-button elementor-button-link elementor-size-sm\" href=\"https:\/\/nbvs.eu\/hr\/novo-in-predelano\/\">\n\t\t\t\t\t\t<span class=\"elementor-button-content-wrapper\">\n\t\t\t\t\t\t\t\t\t<span class=\"elementor-button-text\">Pogledajte detaljnije<\/span>\n\t\t\t\t\t<\/span>\n\t\t\t\t\t<\/a>\n\t\t\t\t<\/div>\n\t\t\t\t\t\t\t\t<\/div>\n\t\t\t\t<\/div>\n\t\t\t\t<\/div>\n\t\t\t\t\t<\/div>\n\t\t\t\t<\/div>\n\t\t<div class=\"elementor-element elementor-element-256c18a elementor-hidden-desktop elementor-hidden-mobile e-flex e-con-boxed e-con e-parent\" data-id=\"256c18a\" data-element_type=\"container\" data-e-type=\"container\" data-settings=\"{&quot;background_background&quot;:&quot;classic&quot;}\">\n\t\t\t\t\t<div class=\"e-con-inner\">\n\t\t<div class=\"elementor-element elementor-element-a0ff845 e-con-full e-transform elementor-hidden-mobile e-flex e-con e-child\" data-id=\"a0ff845\" data-element_type=\"container\" data-e-type=\"container\" data-settings=\"{&quot;_transform_scale_effect_hover&quot;:{&quot;unit&quot;:&quot;px&quot;,&quot;size&quot;:1.03,&quot;sizes&quot;:[]},&quot;_transform_scale_effect_hover_tablet&quot;:{&quot;unit&quot;:&quot;px&quot;,&quot;size&quot;:&quot;&quot;,&quot;sizes&quot;:[]},&quot;_transform_scale_effect_hover_mobile&quot;:{&quot;unit&quot;:&quot;px&quot;,&quot;size&quot;:&quot;&quot;,&quot;sizes&quot;:[]}}\">\n\t\t\t\t<div class=\"elementor-element elementor-element-d7b706a elementor-position-top elementor-widget elementor-widget-image-box\" data-id=\"d7b706a\" data-element_type=\"widget\" data-e-type=\"widget\" data-widget_type=\"image-box.default\">\n\t\t\t\t<div class=\"elementor-widget-container\">\n\t\t\t\t\t<div class=\"elementor-image-box-wrapper\"><figure class=\"elementor-image-box-img\"><a href=\"https:\/\/nbvs.eu\/hr\/novo-in-predelano\/\" tabindex=\"-1\"><img decoding=\"async\" width=\"1024\" height=\"682\" src=\"https:\/\/nbvs.eu\/wp-content\/uploads\/2025\/02\/new-reman-1-1024x682-1.jpg\" class=\"attachment-full size-full wp-image-1620\" alt=\"Servis BOSCH proporcionalnih ventila za sve strojeve\" srcset=\"https:\/\/nbvs.eu\/wp-content\/uploads\/2025\/02\/new-reman-1-1024x682-1.jpg 1024w, https:\/\/nbvs.eu\/wp-content\/uploads\/2025\/02\/new-reman-1-1024x682-1-300x200.jpg 300w, https:\/\/nbvs.eu\/wp-content\/uploads\/2025\/02\/new-reman-1-1024x682-1-768x512.jpg 768w, https:\/\/nbvs.eu\/wp-content\/uploads\/2025\/02\/new-reman-1-1024x682-1-600x400.jpg 600w\" sizes=\"(max-width: 1024px) 100vw, 1024px\" \/><\/a><\/figure><div class=\"elementor-image-box-content\"><h3 class=\"elementor-image-box-title\"><a href=\"https:\/\/nbvs.eu\/hr\/novo-in-predelano\/\">Renovirani i novi ventili<\/a><\/h3><p class=\"elementor-image-box-description\">Dostupno za kupnju novih ventila svih vode\u0107ih proizvo\u0111a\u010da i vi\u0161e od 10.000 ventila na skladi\u0161tu, spremnih za trenutnu isporuku.<\/p><\/div><\/div>\t\t\t\t<\/div>\n\t\t\t\t<\/div>\n\t\t\t\t<div class=\"elementor-element elementor-element-82b11fe elementor-align-justify elementor-widget elementor-widget-button\" data-id=\"82b11fe\" data-element_type=\"widget\" data-e-type=\"widget\" data-widget_type=\"button.default\">\n\t\t\t\t<div class=\"elementor-widget-container\">\n\t\t\t\t\t\t\t\t\t<div class=\"elementor-button-wrapper\">\n\t\t\t\t\t<a class=\"elementor-button elementor-button-link elementor-size-sm\" href=\"https:\/\/nbvs.eu\/hr\/novo-in-predelano\/\">\n\t\t\t\t\t\t<span class=\"elementor-button-content-wrapper\">\n\t\t\t\t\t\t\t\t\t<span class=\"elementor-button-text\">Pogledajte detaljnije<\/span>\n\t\t\t\t\t<\/span>\n\t\t\t\t\t<\/a>\n\t\t\t\t<\/div>\n\t\t\t\t\t\t\t\t<\/div>\n\t\t\t\t<\/div>\n\t\t\t\t<\/div>\n\t\t\t\t\t<\/div>\n\t\t\t\t<\/div>\n\t\t\t\t<\/div>","protected":false},"excerpt":{"rendered":"<p>Storitev Servo ventili Najsodobnej\u0161e testne postaje in poobla\u0161\u010deni tehniki zagotavljajo vrhunsko zmogljivost, natan\u010dnost in zanesljivost pri obnovi va\u0161ih servo ventilov. [&hellip;]<\/p>\n","protected":false},"author":1,"featured_media":0,"parent":0,"menu_order":0,"comment_status":"closed","ping_status":"closed","template":"elementor_header_footer","meta":{"pagelayer_contact_templates":[],"_pagelayer_content":"","_uag_custom_page_level_css":"","site-sidebar-layout":"no-sidebar","site-content-layout":"page-builder","ast-site-content-layout":"full-width-container","site-content-style":"default","site-sidebar-style":"default","ast-global-header-display":"","ast-banner-title-visibility":"","ast-main-header-display":"","ast-hfb-above-header-display":"","ast-hfb-below-header-display":"","ast-hfb-mobile-header-display":"","site-post-title":"disabled","ast-breadcrumbs-content":"","ast-featured-img":"disabled","footer-sml-layout":"","ast-disable-related-posts":"","theme-transparent-header-meta":"","adv-header-id-meta":"","stick-header-meta":"","header-above-stick-meta":"","header-main-stick-meta":"","header-below-stick-meta":"","astra-migrate-meta-layouts":"set","ast-page-background-enabled":"default","ast-page-background-meta":{"desktop":{"background-color":"var(--ast-global-color-4)","background-image":"","background-repeat":"repeat","background-position":"center center","background-size":"auto","background-attachment":"scroll","background-type":"","background-media":"","overlay-type":"","overlay-color":"","overlay-opacity":"","overlay-gradient":""},"tablet":{"background-color":"","background-image":"","background-repeat":"repeat","background-position":"center center","background-size":"auto","background-attachment":"scroll","background-type":"","background-media":"","overlay-type":"","overlay-color":"","overlay-opacity":"","overlay-gradient":""},"mobile":{"background-color":"","background-image":"","background-repeat":"repeat","background-position":"center center","background-size":"auto","background-attachment":"scroll","background-type":"","background-media":"","overlay-type":"","overlay-color":"","overlay-opacity":"","overlay-gradient":""}},"ast-content-background-meta":{"desktop":{"background-color":"var(--ast-global-color-5)","background-image":"","background-repeat":"repeat","background-position":"center center","background-size":"auto","background-attachment":"scroll","background-type":"","background-media":"","overlay-type":"","overlay-color":"","overlay-opacity":"","overlay-gradient":""},"tablet":{"background-color":"var(--ast-global-color-5)","background-image":"","background-repeat":"repeat","background-position":"center center","background-size":"auto","background-attachment":"scroll","background-type":"","background-media":"","overlay-type":"","overlay-color":"","overlay-opacity":"","overlay-gradient":""},"mobile":{"background-color":"var(--ast-global-color-5)","background-image":"","background-repeat":"repeat","background-position":"center center","background-size":"auto","background-attachment":"scroll","background-type":"","background-media":"","overlay-type":"","overlay-color":"","overlay-opacity":"","overlay-gradient":""}},"footnotes":""},"class_list":["post-2355","page","type-page","status-publish","hentry"],"uagb_featured_image_src":{"full":false,"thumbnail":false,"medium":false,"medium_large":false,"large":false,"1536x1536":false,"2048x2048":false,"trp-custom-language-flag":false,"woocommerce_thumbnail":false,"woocommerce_single":false,"woocommerce_gallery_thumbnail":false},"uagb_author_info":{"display_name":"admin","author_link":"https:\/\/nbvs.eu\/hr\/author\/admin\/"},"uagb_comment_info":0,"uagb_excerpt":"Storitev Servo ventili Najsodobnej\u0161e testne postaje in poobla\u0161\u010deni tehniki zagotavljajo vrhunsko zmogljivost, natan\u010dnost in zanesljivost pri obnovi va\u0161ih servo ventilov. [&hellip;]","_links":{"self":[{"href":"https:\/\/nbvs.eu\/hr\/wp-json\/wp\/v2\/pages\/2355","targetHints":{"allow":["GET"]}}],"collection":[{"href":"https:\/\/nbvs.eu\/hr\/wp-json\/wp\/v2\/pages"}],"about":[{"href":"https:\/\/nbvs.eu\/hr\/wp-json\/wp\/v2\/types\/page"}],"author":[{"embeddable":true,"href":"https:\/\/nbvs.eu\/hr\/wp-json\/wp\/v2\/users\/1"}],"replies":[{"embeddable":true,"href":"https:\/\/nbvs.eu\/hr\/wp-json\/wp\/v2\/comments?post=2355"}],"version-history":[{"count":29,"href":"https:\/\/nbvs.eu\/hr\/wp-json\/wp\/v2\/pages\/2355\/revisions"}],"predecessor-version":[{"id":16974,"href":"https:\/\/nbvs.eu\/hr\/wp-json\/wp\/v2\/pages\/2355\/revisions\/16974"}],"wp:attachment":[{"href":"https:\/\/nbvs.eu\/hr\/wp-json\/wp\/v2\/media?parent=2355"}],"curies":[{"name":"wp","href":"https:\/\/api.w.org\/{rel}","templated":true}]}}